{"id":190,"date":"2018-04-27T15:09:26","date_gmt":"2018-04-27T14:09:26","guid":{"rendered":"http:\/\/www.ff-goetzendorf.com\/?page_id=190"},"modified":"2018-04-27T15:11:39","modified_gmt":"2018-04-27T14:11:39","slug":"klfa","status":"publish","type":"page","link":"http:\/\/www.ff-goetzendorf.com\/index.php\/about\/fahrzeuge\/klfa\/","title":{"rendered":"KLFA"},"content":{"rendered":"<p>Seit 2011 versieht das Kleinl\u00f6schfahrzeug mit Allrad seinen Dienst in der FF G\u00f6tzendorf. Das Fahrzeug wurde von der Firma Lohr-Magirus aufgebaut und ist, zus\u00e4tzlich zu Stromerzeuger und Tragkraftspritze TS12, mit einem Lichtmast und Verkehrsleiteinrichtung ausgestattet.<\/p>\n<p>&lt;Fotos folgen&gt;<\/p>\n<h2>Technische Daten:<\/h2>\n<table  cols=\"2\">\n<tr>\n<td>Bezeichnung<\/td>\n<td>Detail<\/td>\n<\/tr>\n<tr>\n<td>Marke \/ Modell<\/td>\n<td>Iveco Daily<\/td>\n<\/tr>\n<tr>\n<td>Leistung<\/td>\n<td>140 PS<\/td>\n<\/tr>\n<tr>\n<td>Baujahr<\/td>\n<td>2011<\/td>\n<\/tr>\n<tr>\n<td>Besatzung<\/td>\n<td>1:8<\/td>\n<\/tr>\n<\/table>\n","protected":false},"excerpt":{"rendered":"<p>Seit 2011 versieht das Kleinl\u00f6schfahrzeug mit Allrad seinen Dienst in der FF G\u00f6tzendorf. Das Fahrzeug wurde von der Firma Lohr-Magirus aufgebaut und ist, zus\u00e4tzlich zu Stromerzeuger und Tragkraftspritze TS12, mit einem Lichtmast und Verkehrsleiteinrichtung ausgestattet. &lt;Fotos folgen&gt; Technische Daten: Bezeichnung Detail Marke \/ Modell Iveco Daily Leistung 140 PS Baujahr<\/p>\n","protected":false},"author":1,"featured_media":0,"parent":181,"menu_order":0,"comment_status":"closed","ping_status":"closed","template":"","meta":{"footnotes":""},"_links":{"self":[{"href":"http:\/\/www.ff-goetzendorf.com\/index.php\/wp-json\/wp\/v2\/pages\/190"}],"collection":[{"href":"http:\/\/www.ff-goetzendorf.com\/index.php\/wp-json\/wp\/v2\/pages"}],"about":[{"href":"http:\/\/www.ff-goetzendorf.com\/index.php\/wp-json\/wp\/v2\/types\/page"}],"author":[{"embeddable":true,"href":"http:\/\/www.ff-goetzendorf.com\/index.php\/wp-json\/wp\/v2\/users\/1"}],"replies":[{"embeddable":true,"href":"http:\/\/www.ff-goetzendorf.com\/index.php\/wp-json\/wp\/v2\/comments?post=190"}],"version-history":[{"count":3,"href":"http:\/\/www.ff-goetzendorf.com\/index.php\/wp-json\/wp\/v2\/pages\/190\/revisions"}],"predecessor-version":[{"id":194,"href":"http:\/\/www.ff-goetzendorf.com\/index.php\/wp-json\/wp\/v2\/pages\/190\/revisions\/194"}],"up":[{"embeddable":true,"href":"http:\/\/www.ff-goetzendorf.com\/index.php\/wp-json\/wp\/v2\/pages\/181"}],"wp:attachment":[{"href":"http:\/\/www.ff-goetzendorf.com\/index.php\/wp-json\/wp\/v2\/media?parent=190"}],"curies":[{"name":"wp","href":"https:\/\/api.w.org\/{rel}","templated":true}]}}