{"id":81,"date":"2018-04-26T13:03:55","date_gmt":"2018-04-26T12:03:55","guid":{"rendered":"http:\/\/www.ff-goetzendorf.com\/?page_id=81"},"modified":"2018-04-27T10:41:19","modified_gmt":"2018-04-27T09:41:19","slug":"facebook","status":"publish","type":"page","link":"http:\/\/www.ff-goetzendorf.com\/index.php\/facebook\/","title":{"rendered":"Facebook"},"content":{"rendered":"<p>Hier sehen Sie die letzten 10 Facebook-Postings der FF G\u00f6tzendorf (inkl. Verlinkungen) auf einen Blick.<br \/>\nGerne begr\u00fc\u00dfen wir Sie auch als Fan unserer Facebook-Seite.<\/p>\n<p><!--more--><\/p>\n<div class=\"cff-wrapper\"><div class=\"cff-wrapper-ctn \"  style=\"background-color:#ffffff;\" ><div id=\"cff\"  class=\"cff cff-list-container  cff-default-styles \"    data-char=\"\" ><div class=\"cff-error-msg\">\n\t<div>\n\t\t<i class=\"fa fa-lock\" aria-hidden=\"true\" style=\"margin-right: 5px;\"><\/i><b>This message is only visible to admins.<\/b><br\/>\n\t\tProblem displaying Facebook posts.\t\t\t\t\t<br\/><a href=\"javascript:void(0);\" id=\"cff-show-error\" onclick=\"cffShowError()\">Click to show error<\/a>\n\t\t\t<script type=\"text\/javascript\">function cffShowError() { document.getElementById(\"cff-error-reason\").style.display = \"block\"; document.getElementById(\"cff-show-error\").style.display = \"none\"; }<\/script>\n\t\t\t<\/div>\n\t\t\t<div id=\"cff-error-reason\">\n\t\t\t\t\t\t\t\t\t\t\t\t\t\t\t\t\t\t\t\t\t\t\t\t\t\t\t\t\t<b>Error:<\/b> Server configuration issue\t\t\t\t\t\t\t\t\t\t\t\t\n\t\t\t<\/div>\n\t\t\t\t\n<\/div>\n<div class=\"cff-posts-wrap\"><\/div><input class=\"cff-pag-url\" type=\"hidden\" data-locatornonce=\"6400f2e72a\" data-cff-shortcode=\"\" data-post-id=\"81\" data-feed-id=\"https:\/\/www.facebook.com\/ffgoetzendorf\"><\/div><\/div><div class=\"cff-clear\"><\/div><\/div>\n","protected":false},"excerpt":{"rendered":"<p>Hier sehen Sie die letzten 10 Facebook-Postings der FF G\u00f6tzendorf (inkl. Verlinkungen) auf einen Blick. Gerne begr\u00fc\u00dfen wir Sie auch als Fan unserer Facebook-Seite.<\/p>\n","protected":false},"author":1,"featured_media":0,"parent":0,"menu_order":0,"comment_status":"closed","ping_status":"closed","template":"","meta":{"footnotes":""},"_links":{"self":[{"href":"http:\/\/www.ff-goetzendorf.com\/index.php\/wp-json\/wp\/v2\/pages\/81"}],"collection":[{"href":"http:\/\/www.ff-goetzendorf.com\/index.php\/wp-json\/wp\/v2\/pages"}],"about":[{"href":"http:\/\/www.ff-goetzendorf.com\/index.php\/wp-json\/wp\/v2\/types\/page"}],"author":[{"embeddable":true,"href":"http:\/\/www.ff-goetzendorf.com\/index.php\/wp-json\/wp\/v2\/users\/1"}],"replies":[{"embeddable":true,"href":"http:\/\/www.ff-goetzendorf.com\/index.php\/wp-json\/wp\/v2\/comments?post=81"}],"version-history":[{"count":4,"href":"http:\/\/www.ff-goetzendorf.com\/index.php\/wp-json\/wp\/v2\/pages\/81\/revisions"}],"predecessor-version":[{"id":178,"href":"http:\/\/www.ff-goetzendorf.com\/index.php\/wp-json\/wp\/v2\/pages\/81\/revisions\/178"}],"wp:attachment":[{"href":"http:\/\/www.ff-goetzendorf.com\/index.php\/wp-json\/wp\/v2\/media?parent=81"}],"curies":[{"name":"wp","href":"https:\/\/api.w.org\/{rel}","templated":true}]}}